{"id":314,"date":"2025-04-02T11:32:38","date_gmt":"2025-04-02T09:32:38","guid":{"rendered":"https:\/\/christophe.celinedubreuilherrada.com\/christophe\/?page_id=314"},"modified":"2025-04-02T13:05:46","modified_gmt":"2025-04-02T11:05:46","slug":"mentions-legales","status":"publish","type":"page","link":"https:\/\/christophe.celinedubreuilherrada.com\/christophe\/index.php\/mentions-legales\/","title":{"rendered":"Mentions l\u00e9gales"},"content":{"rendered":"\n<h2 class=\"wp-block-heading\">Webmaster<\/h2>\n\n\n\n<p>C\u00e9line Dubreuil Herrada<\/p>\n\n\n\n<p>Conception D\u00e9veloppement H\u00e9bergement<\/p>\n\n\n\n<p>SIRET : 93007438000013<\/p>\n\n\n\n<p><a href=\"http:\/\/www.celinedubreuilherrada.com\" target=\"_blank\">celinedubreuilherrada.com<\/a><\/p>\n\n\n\n<h2 class=\"wp-block-heading\">Cookies<\/h2>\n\n\n\n<p>Ce site n&rsquo;utilise pas de cookies.<\/p>\n\n\n\n<h2 class=\"wp-block-heading\">Contenu embarqu\u00e9 depuis d\u2019autres sites<\/h2>\n\n\n\n<p>Les articles de tous les sites que vous visitez, y compris celui-ci,  peuvent inclure des contenus int\u00e9gr\u00e9s (par exemple des vid\u00e9os, images, articles\u2026). Le contenu int\u00e9gr\u00e9 depuis d\u2019autres sites se comporte de la m\u00eame mani\u00e8re que si le visiteur se rendait sur cet autre site.<\/p>\n\n\n\n<p>Ces sites web pourraient collecter des donn\u00e9es sur vous, utiliser des cookies, embarquer des outils de suivis tiers, suivre vos interactions avec ces contenus embarqu\u00e9s si vous disposez d\u2019un compte connect\u00e9 sur leur site web.<\/p>\n\n\n\n<p>C&rsquo;est pour cette raison que nous avons utilis\u00e9 la biblioth\u00e8que <a href=\"http:\/\/www.leafletjs.com\" target=\"_blank\">Leaflet<\/a> et  <a href=\"https:\/\/www.openstreetmap.org\/copyright\" target=\"_blank\">OpenStreetMap<\/a> pour la carte interactive car cette solution ne collecte aucun cookie.<\/p>\n","protected":false},"excerpt":{"rendered":"<p>Webmaster C\u00e9line Dubreuil Herrada Conception D\u00e9veloppement H\u00e9bergement SIRET : 93007438000013 celinedubreuilherrada.com Cookies Ce site n&rsquo;utilise pas de cookies. Contenu embarqu\u00e9 depuis d\u2019autres sites Les articles de tous les sites que vous visitez, y compris celui-ci, peuvent inclure des contenus int\u00e9gr\u00e9s (par exemple des vid\u00e9os, images, articles\u2026). Le contenu int\u00e9gr\u00e9 depuis d\u2019autres sites se comporte de [&hellip;]<\/p>\n","protected":false},"author":1,"featured_media":0,"parent":0,"menu_order":0,"comment_status":"closed","ping_status":"closed","template":"templates\/template-full-width.php","meta":{"footnotes":""},"class_list":["post-314","page","type-page","status-publish","hentry"],"_links":{"self":[{"href":"https:\/\/christophe.celinedubreuilherrada.com\/christophe\/index.php\/wp-json\/wp\/v2\/pages\/314","targetHints":{"allow":["GET"]}}],"collection":[{"href":"https:\/\/christophe.celinedubreuilherrada.com\/christophe\/index.php\/wp-json\/wp\/v2\/pages"}],"about":[{"href":"https:\/\/christophe.celinedubreuilherrada.com\/christophe\/index.php\/wp-json\/wp\/v2\/types\/page"}],"author":[{"embeddable":true,"href":"https:\/\/christophe.celinedubreuilherrada.com\/christophe\/index.php\/wp-json\/wp\/v2\/users\/1"}],"replies":[{"embeddable":true,"href":"https:\/\/christophe.celinedubreuilherrada.com\/christophe\/index.php\/wp-json\/wp\/v2\/comments?post=314"}],"version-history":[{"count":9,"href":"https:\/\/christophe.celinedubreuilherrada.com\/christophe\/index.php\/wp-json\/wp\/v2\/pages\/314\/revisions"}],"predecessor-version":[{"id":323,"href":"https:\/\/christophe.celinedubreuilherrada.com\/christophe\/index.php\/wp-json\/wp\/v2\/pages\/314\/revisions\/323"}],"wp:attachment":[{"href":"https:\/\/christophe.celinedubreuilherrada.com\/christophe\/index.php\/wp-json\/wp\/v2\/media?parent=314"}],"curies":[{"name":"wp","href":"https:\/\/api.w.org\/{rel}","templated":true}]}}